{"id":2,"date":"2017-08-02T20:31:28","date_gmt":"2017-08-02T18:31:28","guid":{"rendered":"http:\/\/bluewaterpipe.com\/?page_id=2"},"modified":"2025-12-18T21:01:04","modified_gmt":"2025-12-18T20:01:04","slug":"bluewater-pipe","status":"publish","type":"page","link":"https:\/\/bluewaterpipe.com\/fr\/","title":{"rendered":"Bluewater Pipe"},"content":{"rendered":"","protected":false},"excerpt":{"rendered":"","protected":false},"author":1,"featured_media":0,"parent":0,"menu_order":0,"comment_status":"closed","ping_status":"open","template":"","meta":{"_acf_changed":false,"inline_featured_image":false,"footnotes":""},"tags":[],"class_list":["post-2","page","type-page","status-publish","hentry"],"acf":[],"yoast_head":"<!-- This site is optimized with the Yoast SEO plugin v27.3 - https:\/\/yoast.com\/product\/yoast-seo-wordpress\/ -->\n<title>Bluewater Pipe - Fournisseur de tuyaux et produits de drainage - Ontario<\/title>\n<meta name=\"description\" content=\"Bluewater Pipe peut fournir une gamme de produits de drainage agricole gr\u00e2ce \u00e0 un partenariat en avec Soleno, le premier d\u00e9veloppeur de solutions durables pour la ma\u00eetrise de l\u2019eau pluviale.\" \/>\n<meta name=\"robots\" content=\"index, follow, max-snippet:-1, max-image-preview:large, max-video-preview:-1\" \/>\n<link rel=\"canonical\" href=\"https:\/\/bluewaterpipe.com\/fr\/\" \/>\n<meta property=\"og:locale\" content=\"fr_FR\" \/>\n<meta property=\"og:type\" content=\"article\" \/>\n<meta property=\"og:title\" content=\"Bluewater Pipe - Fournisseur de tuyaux et produits de drainage - Ontario\" \/>\n<meta property=\"og:description\" content=\"Bluewater Pipe peut fournir une gamme de produits de drainage agricole gr\u00e2ce \u00e0 un partenariat en avec Soleno, le premier d\u00e9veloppeur de solutions durables pour la ma\u00eetrise de l\u2019eau pluviale.\" \/>\n<meta property=\"og:url\" content=\"https:\/\/bluewaterpipe.com\/fr\/\" \/>\n<meta property=\"og:site_name\" content=\"Bluewater Pipe\" \/>\n<meta property=\"article:modified_time\" content=\"2025-12-18T20:01:04+00:00\" \/>\n<meta name=\"twitter:card\" content=\"summary_large_image\" \/>\n<meta name=\"twitter:label1\" content=\"Dur\u00e9e de lecture estim\u00e9e\" \/>\n\t<meta name=\"twitter:data1\" content=\"18 minutes\" \/>\n<script type=\"application\/ld+json\" class=\"yoast-schema-graph\">{\"@context\":\"https:\\\/\\\/schema.org\",\"@graph\":[{\"@type\":\"WebPage\",\"@id\":\"https:\\\/\\\/bluewaterpipe.com\\\/fr\\\/\",\"url\":\"https:\\\/\\\/bluewaterpipe.com\\\/fr\\\/\",\"name\":\"Bluewater Pipe - Fournisseur de tuyaux et produits de drainage - Ontario\",\"isPartOf\":{\"@id\":\"https:\\\/\\\/bluewaterpipe.com\\\/#website\"},\"datePublished\":\"2017-08-02T18:31:28+00:00\",\"dateModified\":\"2025-12-18T20:01:04+00:00\",\"description\":\"Bluewater Pipe peut fournir une gamme de produits de drainage agricole gr\u00e2ce \u00e0 un partenariat en avec Soleno, le premier d\u00e9veloppeur de solutions durables pour la ma\u00eetrise de l\u2019eau pluviale.\",\"breadcrumb\":{\"@id\":\"https:\\\/\\\/bluewaterpipe.com\\\/fr\\\/#breadcrumb\"},\"inLanguage\":\"fr-FR\",\"potentialAction\":[{\"@type\":\"ReadAction\",\"target\":[\"https:\\\/\\\/bluewaterpipe.com\\\/fr\\\/\"]}]},{\"@type\":\"BreadcrumbList\",\"@id\":\"https:\\\/\\\/bluewaterpipe.com\\\/fr\\\/#breadcrumb\",\"itemListElement\":[{\"@type\":\"ListItem\",\"position\":1,\"name\":\"Accueil\",\"item\":\"https:\\\/\\\/bluewaterpipe.com\\\/fr\\\/\"},{\"@type\":\"ListItem\",\"position\":2,\"name\":\"Bluewater Pipe\"}]},{\"@type\":\"WebSite\",\"@id\":\"https:\\\/\\\/bluewaterpipe.com\\\/#website\",\"url\":\"https:\\\/\\\/bluewaterpipe.com\\\/\",\"name\":\"Bluewater Pipe\",\"description\":\"Un site utilisant R\u00e9seau Soleno\",\"potentialAction\":[{\"@type\":\"SearchAction\",\"target\":{\"@type\":\"EntryPoint\",\"urlTemplate\":\"https:\\\/\\\/bluewaterpipe.com\\\/?s={search_term_string}\"},\"query-input\":{\"@type\":\"PropertyValueSpecification\",\"valueRequired\":true,\"valueName\":\"search_term_string\"}}],\"inLanguage\":\"fr-FR\"}]}<\/script>\n<!-- \/ Yoast SEO plugin. -->","yoast_head_json":{"title":"Bluewater Pipe - Fournisseur de tuyaux et produits de drainage - Ontario","description":"Bluewater Pipe peut fournir une gamme de produits de drainage agricole gr\u00e2ce \u00e0 un partenariat en avec Soleno, le premier d\u00e9veloppeur de solutions durables pour la ma\u00eetrise de l\u2019eau pluviale.","robots":{"index":"index","follow":"follow","max-snippet":"max-snippet:-1","max-image-preview":"max-image-preview:large","max-video-preview":"max-video-preview:-1"},"canonical":"https:\/\/bluewaterpipe.com\/fr\/","og_locale":"fr_FR","og_type":"article","og_title":"Bluewater Pipe - Fournisseur de tuyaux et produits de drainage - Ontario","og_description":"Bluewater Pipe peut fournir une gamme de produits de drainage agricole gr\u00e2ce \u00e0 un partenariat en avec Soleno, le premier d\u00e9veloppeur de solutions durables pour la ma\u00eetrise de l\u2019eau pluviale.","og_url":"https:\/\/bluewaterpipe.com\/fr\/","og_site_name":"Bluewater Pipe","article_modified_time":"2025-12-18T20:01:04+00:00","twitter_card":"summary_large_image","twitter_misc":{"Dur\u00e9e de lecture estim\u00e9e":"18 minutes"},"schema":{"@context":"https:\/\/schema.org","@graph":[{"@type":"WebPage","@id":"https:\/\/bluewaterpipe.com\/fr\/","url":"https:\/\/bluewaterpipe.com\/fr\/","name":"Bluewater Pipe - Fournisseur de tuyaux et produits de drainage - Ontario","isPartOf":{"@id":"https:\/\/bluewaterpipe.com\/#website"},"datePublished":"2017-08-02T18:31:28+00:00","dateModified":"2025-12-18T20:01:04+00:00","description":"Bluewater Pipe peut fournir une gamme de produits de drainage agricole gr\u00e2ce \u00e0 un partenariat en avec Soleno, le premier d\u00e9veloppeur de solutions durables pour la ma\u00eetrise de l\u2019eau pluviale.","breadcrumb":{"@id":"https:\/\/bluewaterpipe.com\/fr\/#breadcrumb"},"inLanguage":"fr-FR","potentialAction":[{"@type":"ReadAction","target":["https:\/\/bluewaterpipe.com\/fr\/"]}]},{"@type":"BreadcrumbList","@id":"https:\/\/bluewaterpipe.com\/fr\/#breadcrumb","itemListElement":[{"@type":"ListItem","position":1,"name":"Accueil","item":"https:\/\/bluewaterpipe.com\/fr\/"},{"@type":"ListItem","position":2,"name":"Bluewater Pipe"}]},{"@type":"WebSite","@id":"https:\/\/bluewaterpipe.com\/#website","url":"https:\/\/bluewaterpipe.com\/","name":"Bluewater Pipe","description":"Un site utilisant R\u00e9seau Soleno","potentialAction":[{"@type":"SearchAction","target":{"@type":"EntryPoint","urlTemplate":"https:\/\/bluewaterpipe.com\/?s={search_term_string}"},"query-input":{"@type":"PropertyValueSpecification","valueRequired":true,"valueName":"search_term_string"}}],"inLanguage":"fr-FR"}]}},"_links":{"self":[{"href":"https:\/\/bluewaterpipe.com\/fr\/wp-json\/wp\/v2\/pages\/2","targetHints":{"allow":["GET"]}}],"collection":[{"href":"https:\/\/bluewaterpipe.com\/fr\/wp-json\/wp\/v2\/pages"}],"about":[{"href":"https:\/\/bluewaterpipe.com\/fr\/wp-json\/wp\/v2\/types\/page"}],"author":[{"embeddable":true,"href":"https:\/\/bluewaterpipe.com\/fr\/wp-json\/wp\/v2\/users\/1"}],"replies":[{"embeddable":true,"href":"https:\/\/bluewaterpipe.com\/fr\/wp-json\/wp\/v2\/comments?post=2"}],"version-history":[{"count":123,"href":"https:\/\/bluewaterpipe.com\/fr\/wp-json\/wp\/v2\/pages\/2\/revisions"}],"predecessor-version":[{"id":125772,"href":"https:\/\/bluewaterpipe.com\/fr\/wp-json\/wp\/v2\/pages\/2\/revisions\/125772"}],"wp:attachment":[{"href":"https:\/\/bluewaterpipe.com\/fr\/wp-json\/wp\/v2\/media?parent=2"}],"wp:term":[{"taxonomy":"post_tag","embeddable":true,"href":"https:\/\/bluewaterpipe.com\/fr\/wp-json\/wp\/v2\/tags?post=2"}],"curies":[{"name":"wp","href":"https:\/\/api.w.org\/{rel}","templated":true}]}}